{"id":2126,"date":"2018-04-23T16:30:37","date_gmt":"2018-04-23T16:30:37","guid":{"rendered":"http:\/\/www.e4w.eu\/outcomes\/"},"modified":"2019-05-08T07:58:45","modified_gmt":"2019-05-08T07:58:45","slug":"outcomes","status":"publish","type":"page","link":"https:\/\/www.e4w.eu\/sl\/outcomes\/","title":{"rendered":"Podjetni\u0161ke ve\u0161\u010dine za \u017eenske v digitalnem svetu"},"content":{"rendered":"","protected":false},"excerpt":{"rendered":"","protected":false},"author":1,"featured_media":0,"parent":0,"menu_order":0,"comment_status":"closed","ping_status":"closed","template":"","meta":{"footnotes":""},"class_list":["post-2126","page","type-page","status-publish","hentry"],"_links":{"self":[{"href":"https:\/\/www.e4w.eu\/sl\/wp-json\/wp\/v2\/pages\/2126","targetHints":{"allow":["GET"]}}],"collection":[{"href":"https:\/\/www.e4w.eu\/sl\/wp-json\/wp\/v2\/pages"}],"about":[{"href":"https:\/\/www.e4w.eu\/sl\/wp-json\/wp\/v2\/types\/page"}],"author":[{"embeddable":true,"href":"https:\/\/www.e4w.eu\/sl\/wp-json\/wp\/v2\/users\/1"}],"replies":[{"embeddable":true,"href":"https:\/\/www.e4w.eu\/sl\/wp-json\/wp\/v2\/comments?post=2126"}],"version-history":[{"count":2,"href":"https:\/\/www.e4w.eu\/sl\/wp-json\/wp\/v2\/pages\/2126\/revisions"}],"predecessor-version":[{"id":2128,"href":"https:\/\/www.e4w.eu\/sl\/wp-json\/wp\/v2\/pages\/2126\/revisions\/2128"}],"wp:attachment":[{"href":"https:\/\/www.e4w.eu\/sl\/wp-json\/wp\/v2\/media?parent=2126"}],"curies":[{"name":"wp","href":"https:\/\/api.w.org\/{rel}","templated":true}]}}